{"id":7,"date":"2025-11-26T17:45:21","date_gmt":"2025-11-26T17:45:21","guid":{"rendered":"https:\/\/unaevergalicia.com\/?page_id=7"},"modified":"2026-01-19T18:15:26","modified_gmt":"2026-01-19T18:15:26","slug":"home","status":"publish","type":"page","link":"https:\/\/unaevergalicia.com\/","title":{"rendered":"Home"},"content":{"rendered":"\t\t<div data-elementor-type=\"wp-post\" data-elementor-id=\"7\" class=\"elementor elementor-7\">\n\t\t\t\t<div class=\"elementor-element elementor-element-fbf95eb e-con-full e-flex e-con e-parent\" data-id=\"fbf95eb\" data-element_type=\"container\">\n\t\t\t\t<div class=\"elementor-element elementor-element-aaa589e elementor-widget elementor-widget-image\" data-id=\"aaa589e\" data-element_type=\"widget\" data-widget_type=\"image.default\">\n\t\t\t\t\t\t\t\t\t\t\t\t\t\t\t<img fetchpriority=\"high\" decoding=\"async\" width=\"2048\" height=\"750\" src=\"https:\/\/unaevergalicia.com\/wp-content\/uploads\/2025\/11\/Beca-UNAeVer-1.png\" class=\"attachment-2048x2048 size-2048x2048 wp-image-48\" alt=\"\" srcset=\"https:\/\/unaevergalicia.com\/wp-content\/uploads\/2025\/11\/Beca-UNAeVer-1.png 2048w, https:\/\/unaevergalicia.com\/wp-content\/uploads\/2025\/11\/Beca-UNAeVer-1-300x110.png 300w, https:\/\/unaevergalicia.com\/wp-content\/uploads\/2025\/11\/Beca-UNAeVer-1-1024x375.png 1024w, https:\/\/unaevergalicia.com\/wp-content\/uploads\/2025\/11\/Beca-UNAeVer-1-768x281.png 768w, https:\/\/unaevergalicia.com\/wp-content\/uploads\/2025\/11\/Beca-UNAeVer-1-1536x563.png 1536w\" sizes=\"(max-width: 2048px) 100vw, 2048px\" \/>\t\t\t\t\t\t\t\t\t\t\t\t\t\t\t<\/div>\n\t\t<div class=\"elementor-element elementor-element-f534380 e-flex e-con-boxed e-con e-child\" data-id=\"f534380\" data-element_type=\"container\">\n\t\t\t\t\t<div class=\"e-con-inner\">\n\t\t\t\t<div class=\"elementor-element elementor-element-ad46ce3 elementor-widget elementor-widget-text-editor\" data-id=\"ad46ce3\" data-element_type=\"widget\" data-widget_type=\"text-editor.default\">\n\t\t\t\t\t\t\t\t\t<p><span style=\"color: #d80505;\"><b>\u00bfQU\u00c9 ES?<\/b><\/span><\/p><p>Las becas perpetuas funcionan gracias a un fondo permanente (endowment) de la Universidad. <strong>Esto significa que el dinero que aportamos no se gasta, sino que se invierte<\/strong> de forma profesional para generar intereses a\u00f1o tras a\u00f1o.<\/p>\t\t\t\t\t\t\t\t<\/div>\n\t\t\t\t\t<\/div>\n\t\t\t\t<\/div>\n\t\t\t\t<\/div>\n\t\t<div class=\"elementor-element elementor-element-5845128 e-grid e-con-boxed e-con e-parent\" data-id=\"5845128\" data-element_type=\"container\">\n\t\t\t\t\t<div class=\"e-con-inner\">\n\t\t\t\t<div class=\"elementor-element elementor-element-4c17fd8 elementor-widget elementor-widget-text-editor\" data-id=\"4c17fd8\" data-element_type=\"widget\" data-widget_type=\"text-editor.default\">\n\t\t\t\t\t\t\t\t\t<p><span style=\"color: #d80505;\"><strong>\u00bfQU\u00c9 PROPONEMOS A LOS ALUMNI Y AMIGOS GALLEGOS DE LA UNAV?<\/strong><\/span><\/p><p><span style=\"color: #000000;\"><b>(Para quienes quieren realizar una aportaci\u00f3n alta, existe la posibilidad de hacerlo directamente desde este\u00a0<span style=\"color: #3366ff;\"><u><a style=\"color: #3366ff;\" href=\"https:\/\/dona.unav.edu\/gracias\">ENLACE<\/a>)<\/u><\/span><\/b><\/span><\/p><p><span style=\"color: #000000;\">Sin embargo, nuestra propuesta diferencial es otra:<\/span><\/p><p><span style=\"color: #000000;\"><b>impulsar un modelo de peque\u00f1as contribuciones mensuales, accesibles y sostenibles, con el objetivo final de reunir 200.000 \u20ac.<\/b><\/span><\/p><p><span style=\"color: #000000;\">Con esta cantidad, sin tocar el importe principal, gracias a los intereses,\u00a0<\/span><br \/><span style=\"color: #000000;\">se financia una beca anual perpetua, \u00abUnaEver\u00bb.<\/span><\/p><p><span style=\"color: #000000;\">Dirigida a un estudiante gallego que quiera estudiar en la UNAV y no pueda por falta de recursos econ\u00f3micos teniendo el talento y las calificaciones para ello.<\/span><\/p>\t\t\t\t\t\t\t\t<\/div>\n\t\t\t\t<div class=\"elementor-element elementor-element-102dac1 elementor-widget elementor-widget-text-editor\" data-id=\"102dac1\" data-element_type=\"widget\" data-widget_type=\"text-editor.default\">\n\t\t\t\t\t\t\t\t\t<p><span style=\"color: #d80505;\"><b>\u00bfC\u00d3MO LO CONSEGUIREMOS?<\/b><\/span><\/p><p><span style=\"color: #000000;\">Con algo muy simple: 200 personas aportando 1.000 \u20ac hasta llegar a esos 200.000 \u20ac.<\/span><\/p><p><span style=\"color: #000000;\">Cada uno puede aportar esos 1.000 \u20ac del modo que sea, hasta incluso en 40 cuotas (4 a\u00f1os) con 25\u20ac al mes.\u00a0<\/span><\/p><p><span style=\"color: #000000;\">Y cada vez que alguien se une, actualizaremos el contador:<\/span><\/p><p><strong><span style=\"color: #000000;\">HOY SOMOS:<\/span><\/strong><\/p><p><span style=\"text-decoration: underline;\"><span style=\"color: #d80505;\"><strong>17 personas = 8.5% del Objetivo Conseguido<\/strong><\/span><\/span><\/p><p><span style=\"color: #000000;\">Si est\u00e1s interesado, aqu\u00ed abajo tienes el formulario para unirte al programa seleccionando la pesta\u00f1a\u00a0<\/span><\/p><p><span style=\"color: #000000;\">\u00abBeca Perpetua UNAV Gallegos\u00bb\u00a0<\/span><\/p>\t\t\t\t\t\t\t\t<\/div>\n\t\t\t\t\t<\/div>\n\t\t\t\t<\/div>\n\t\t<div class=\"elementor-element elementor-element-fc71acf e-flex e-con-boxed e-con e-parent\" data-id=\"fc71acf\" data-element_type=\"container\">\n\t\t\t\t\t<div class=\"e-con-inner\">\n\t\t<div class=\"elementor-element elementor-element-f8e96d9 e-con-full e-flex e-con e-child\" data-id=\"f8e96d9\" data-element_type=\"container\">\n\t\t\t\t<div class=\"elementor-element elementor-element-2c8edb4 elementor-align-center elementor-widget elementor-widget-button\" data-id=\"2c8edb4\" data-element_type=\"widget\" data-widget_type=\"button.default\">\n\t\t\t\t\t\t\t\t\t\t<a class=\"elementor-button elementor-button-link elementor-size-sm\" href=\"https:\/\/dona.unav.edu\/gracias\">\n\t\t\t\t\t\t<span class=\"elementor-button-content-wrapper\">\n\t\t\t\t\t\t<span class=\"elementor-button-icon\">\n\t\t\t\t<svg aria-hidden=\"true\" class=\"e-font-icon-svg e-fas-mouse-pointer\" viewBox=\"0 0 320 512\" xmlns=\"http:\/\/www.w3.org\/2000\/svg\"><path d=\"M302.189 329.126H196.105l55.831 135.993c3.889 9.428-.555 19.999-9.444 23.999l-49.165 21.427c-9.165 4-19.443-.571-23.332-9.714l-53.053-129.136-86.664 89.138C18.729 472.71 0 463.554 0 447.977V18.299C0 1.899 19.921-6.096 30.277 5.443l284.412 292.542c11.472 11.179 3.007 31.141-12.5 31.141z\"><\/path><\/svg>\t\t\t<\/span>\n\t\t\t\t\t\t\t\t\t<span class=\"elementor-button-text\">Rellena el formulario<\/span>\n\t\t\t\t\t<\/span>\n\t\t\t\t\t<\/a>\n\t\t\t\t\t\t\t\t<\/div>\n\t\t\t\t<div class=\"elementor-element elementor-element-61b5b92 elementor-widget__width-initial elementor-widget elementor-widget-text-editor\" data-id=\"61b5b92\" data-element_type=\"widget\" data-widget_type=\"text-editor.default\">\n\t\t\t\t\t\t\t\t\t<p>\u00a0<\/p><p><b>\u00bfC\u00f3mo funciona?<br \/><\/b><\/p><ul><li><span style=\"font-size: var(--wp--preset--font-size--medium); letter-spacing: -0.2px; text-align: var(--text-align); font-weight: 400;\">Las aportaciones se suman a un fondo de becas perpetuas, gestionado internamente por el equipo de inversiones de la Fundaci\u00f3n Universitaria de Navarra.<\/span><\/li><li><span style=\"font-size: var(--wp--preset--font-size--medium); letter-spacing: -0.1px; text-align: var(--text-align); font-weight: 400;\">Cada a\u00f1o, el fondo gana rentabilidad.<\/span><\/li><li><span style=\"font-size: var(--wp--preset--font-size--medium); letter-spacing: -0.1px; text-align: var(--text-align); font-weight: 400;\">Una parte de esos intereses se reinvierte en el propio fondo para que siga creciendo y sea sostenible a largo plazo.<\/span><\/li><li><span style=\"font-size: var(--wp--preset--font-size--medium); letter-spacing: -0.1px; text-align: var(--text-align); font-weight: 400;\">El otro porcentaje se utiliza para pagar la beca de un estudiante con talento y pocos recursos.<\/span><\/li><li><span style=\"font-size: var(--wp--preset--font-size--medium); font-weight: 400; letter-spacing: -0.1px; text-align: var(--text-align);\">De esta forma, la aportaci\u00f3n inicial nunca desaparece: es el rendimiento anual el que financia las becas. Por eso hablamos de una ayuda perpetua: <\/span><b style=\"font-size: var(--wp--preset--font-size--medium); letter-spacing: -0.1px; text-align: var(--text-align);\">lo que se dona una vez, impacta para siempre.<\/b><\/li><\/ul>\t\t\t\t\t\t\t\t<\/div>\n\t\t\t\t<\/div>\n\t\t\t\t\t<\/div>\n\t\t\t\t<\/div>\n\t\t\t\t<\/div>\n\t\t","protected":false},"excerpt":{"rendered":"<p>\u00bfQU\u00c9 ES? Las becas perpetuas funcionan gracias a un fondo permanente (endowment) de la Universidad. Esto significa que el dinero que aportamos no se gasta, sino que se invierte de forma profesional para generar intereses a\u00f1o tras a\u00f1o. \u00bfQU\u00c9 PROPONEMOS A LOS ALUMNI Y AMIGOS GALLEGOS DE LA UNAV? (Para quienes quieren realizar una aportaci\u00f3n [&hellip;]<\/p>\n","protected":false},"author":1,"featured_media":0,"parent":0,"menu_order":0,"comment_status":"closed","ping_status":"closed","template":"elementor_header_footer","meta":{"footnotes":""},"class_list":["post-7","page","type-page","status-publish","hentry"],"_links":{"self":[{"href":"https:\/\/unaevergalicia.com\/index.php?rest_route=\/wp\/v2\/pages\/7","targetHints":{"allow":["GET"]}}],"collection":[{"href":"https:\/\/unaevergalicia.com\/index.php?rest_route=\/wp\/v2\/pages"}],"about":[{"href":"https:\/\/unaevergalicia.com\/index.php?rest_route=\/wp\/v2\/types\/page"}],"author":[{"embeddable":true,"href":"https:\/\/unaevergalicia.com\/index.php?rest_route=\/wp\/v2\/users\/1"}],"replies":[{"embeddable":true,"href":"https:\/\/unaevergalicia.com\/index.php?rest_route=%2Fwp%2Fv2%2Fcomments&post=7"}],"version-history":[{"count":61,"href":"https:\/\/unaevergalicia.com\/index.php?rest_route=\/wp\/v2\/pages\/7\/revisions"}],"predecessor-version":[{"id":93,"href":"https:\/\/unaevergalicia.com\/index.php?rest_route=\/wp\/v2\/pages\/7\/revisions\/93"}],"wp:attachment":[{"href":"https:\/\/unaevergalicia.com\/index.php?rest_route=%2Fwp%2Fv2%2Fmedia&parent=7"}],"curies":[{"name":"wp","href":"https:\/\/api.w.org\/{rel}","templated":true}]}}